{"id":2987,"date":"2021-08-09T10:49:21","date_gmt":"2021-08-09T10:49:21","guid":{"rendered":"https:\/\/globefarer.qodeinteractive.com\/?page_id=2987"},"modified":"2023-11-15T21:59:08","modified_gmt":"2023-11-15T21:59:08","slug":"blog","status":"publish","type":"page","link":"http:\/\/www.tradertankers.com\/en\/blog\/","title":{"rendered":"Blog"},"content":{"rendered":"<div data-elementor-type=\"wp-page\" data-elementor-id=\"2987\" class=\"elementor elementor-2987\">\n\t\t\t\t\t\t<section class=\"elementor-section elementor-top-section elementor-element elementor-element-6c343717 elementor-section-boxed elementor-section-height-default elementor-section-height-default wpr-particle-no wpr-jarallax-no wpr-parallax-no wpr-sticky-section-no qodef-elementor-content-no\" data-id=\"6c343717\" data-element_type=\"section\" data-e-type=\"section\">\n\t\t\t\t\t\t<div class=\"elementor-container elementor-column-gap-default\">\n\t\t\t\t\t<div class=\"elementor-column elementor-col-100 elementor-top-column elementor-element elementor-element-64e7d506\" data-id=\"64e7d506\" data-element_type=\"column\" data-e-type=\"column\">\n\t\t\t<div class=\"elementor-widget-wrap elementor-element-populated\">\n\t\t\t\t\t\t<div class=\"elementor-element elementor-element-275c4756 elementor-widget elementor-widget-globefarer_core_blog_list\" data-id=\"275c4756\" data-element_type=\"widget\" data-e-type=\"widget\" data-widget_type=\"globefarer_core_blog_list.default\">\n\t\t\t\t<div class=\"elementor-widget-container\">\n\t\t\t\t\t<div class=\"qodef-shortcode qodef-m  qodef-blog qodef--list qodef-item-layout--standard qodef-hover-animation--no qodef-grid qodef-layout--columns  qodef-gutter--normal qodef-col-num--1 qodef-item-layout--standard qodef-pagination--on qodef-pagination-type--standard qodef-responsive--predefined\" data-options=\"{&quot;plugin&quot;:&quot;globefarer_core&quot;,&quot;module&quot;:&quot;blog\\\/shortcodes&quot;,&quot;shortcode&quot;:&quot;blog-list&quot;,&quot;post_type&quot;:&quot;post&quot;,&quot;next_page&quot;:&quot;2&quot;,&quot;max_pages_num&quot;:1,&quot;behavior&quot;:&quot;columns&quot;,&quot;images_proportion&quot;:&quot;full&quot;,&quot;columns&quot;:&quot;1&quot;,&quot;columns_responsive&quot;:&quot;predefined&quot;,&quot;space&quot;:&quot;normal&quot;,&quot;posts_per_page&quot;:&quot;3&quot;,&quot;orderby&quot;:&quot;date&quot;,&quot;order&quot;:&quot;DESC&quot;,&quot;layout&quot;:&quot;standard&quot;,&quot;title_tag&quot;:&quot;h2&quot;,&quot;excerpt_length&quot;:&quot;400&quot;,&quot;button_text&quot;:&quot;Continuar leyendo la noticia&quot;,&quot;line_break_positions&quot;:&quot;2&quot;,&quot;hover_animation&quot;:&quot;no&quot;,&quot;enable_filter&quot;:&quot;no&quot;,&quot;pagination_type&quot;:&quot;standard&quot;,&quot;object_class_name&quot;:&quot;GlobeFarerCore_Blog_List_Shortcode&quot;,&quot;taxonomy_filter&quot;:&quot;category&quot;,&quot;additional_query_args&quot;:[],&quot;space_value&quot;:15}\">\n\t\t<div class=\"qodef-grid-inner clear\">\n\t\t<article class=\"qodef-e qodef-blog-item qodef-grid-item qodef-item--full post-9521 post type-post status-publish format-standard hentry category-uncategorized tag-dique tag-neo-trader\">\n\t<div class=\"qodef-e-inner\">\n\t\t<div class=\"qodef-e-media\">\n\t<\/div>\n\t\t<div class=\"qodef-e-content\">\n\t\t\t<div class=\"qodef-e-top-holder\">\n\t\t\t\t<div class=\"qodef-e-info\">\n\t\t\t\t\t<a itemprop=\"dateCreated\" href=\"http:\/\/www.tradertankers.com\/en\/2024\/08\/\" class=\"entry-date\">\n\tAugust 14, 2024<\/a><div class=\"qodef-info-separator-end\"><\/div><a href=\"http:\/\/www.tradertankers.com\/en\/blog\/uncategorized\/\" rel=\"tag\">Uncategorized<\/a><div class=\"qodef-info-separator-end\"><\/div>\t\t\t\t<\/div>\n\t\t\t<\/div>\n\t\t\t<div class=\"qodef-e-text\">\n\t\t\t\t<h2 itemprop=\"name\" class=\"qodef-e-title entry-title\">\n\t\t\t<a itemprop=\"url\" class=\"qodef-e-title-link\" href=\"http:\/\/www.tradertankers.com\/en\/neo-trader-dique-astibal-panama\/\">\n\t\t\tNeo Trader Dique Astibal Panama\t\t\t<\/a>\n\t<\/h2>\n\t\t<p itemprop=\"description\" class=\"qodef-e-excerpt\">Neo Trader en su \u00abSpecial Class Survey\u00bb, proyecto que fue finalizado con \u00e9xito, gracias al excelente trabajo que llevo a cabo toda la tripulaci\u00f3n abordo, asi como la gesti\u00f3n del personal en tierra.<\/p>\n\t\t\t\t\t<\/div>\n\t\t\t<div class=\"qodef-e-bottom-holder\">\n\t\t\t\t\t\t<div class=\"qodef-e-read-more\">\n\t\t<a class=\"qodef-shortcode qodef-m  qodef-button qodef-layout--textual  qodef-html--link\" href=\"http:\/\/www.tradertankers.com\/en\/neo-trader-dique-astibal-panama\/\" target=\"_self\"  >\t\t\t<span class=\"qodef-m-button-icon\"><svg class=\"qodef-svg--plus\" xmlns=\"http:\/\/www.w3.org\/2000\/svg\" xmlns:xlink=\"http:\/\/www.w3.org\/1999\/xlink\" width=\"14\" height=\"14\" viewbox=\"0 0 14 14\"><path class=\"qodef-m-horizontal\" d=\"M0,0H14V2H0Z\" transform=\"translate(0 6)\" \/><path class=\"qodef-m-vertical\" d=\"M0,0H2V14H0Z\" transform=\"translate(6)\" \/><\/svg><\/span>\t\t\t\t<span class=\"qodef-m-button-text\">Continue reading<br \/> the news<\/span>\t<\/a>\t<\/div>\n\t\t\t<\/div>\n\t\t<\/div>\n\t<\/div>\n<\/article>\n<article class=\"qodef-e qodef-blog-item qodef-grid-item qodef-item--full post-9516 post type-post status-publish format-standard hentry category-uncategorized\">\n\t<div class=\"qodef-e-inner\">\n\t\t<div class=\"qodef-e-media\">\n\t<\/div>\n\t\t<div class=\"qodef-e-content\">\n\t\t\t<div class=\"qodef-e-top-holder\">\n\t\t\t\t<div class=\"qodef-e-info\">\n\t\t\t\t\t<a itemprop=\"dateCreated\" href=\"http:\/\/www.tradertankers.com\/en\/2024\/08\/\" class=\"entry-date\">\n\tAugust 14, 2024<\/a><div class=\"qodef-info-separator-end\"><\/div><a href=\"http:\/\/www.tradertankers.com\/en\/blog\/uncategorized\/\" rel=\"tag\">Uncategorized<\/a><div class=\"qodef-info-separator-end\"><\/div>\t\t\t\t<\/div>\n\t\t\t<\/div>\n\t\t\t<div class=\"qodef-e-text\">\n\t\t\t\t<h2 itemprop=\"name\" class=\"qodef-e-title entry-title\">\n\t\t\t<a itemprop=\"url\" class=\"qodef-e-title-link\" href=\"http:\/\/www.tradertankers.com\/en\/mes-de-seguridad\/\">\n\t\t\tMes de Seguridad\t\t\t<\/a>\n\t<\/h2>\n\t\t<p itemprop=\"description\" class=\"qodef-e-excerpt\">Ya estamos listos para celebrar el Mes del Comportamiento Seguro 2024. Forma tu equipo y participa en todas las actividades, excelentes capacitaciones y sorpresas que tendremos durante el mes, con el objetivo de fortalecer y celebrar la cultura de seguridad a bordo.<\/p>\n\t\t\t\t\t<\/div>\n\t\t\t<div class=\"qodef-e-bottom-holder\">\n\t\t\t\t\t\t<div class=\"qodef-e-read-more\">\n\t\t<a class=\"qodef-shortcode qodef-m  qodef-button qodef-layout--textual  qodef-html--link\" href=\"http:\/\/www.tradertankers.com\/en\/mes-de-seguridad\/\" target=\"_self\"  >\t\t\t<span class=\"qodef-m-button-icon\"><svg class=\"qodef-svg--plus\" xmlns=\"http:\/\/www.w3.org\/2000\/svg\" xmlns:xlink=\"http:\/\/www.w3.org\/1999\/xlink\" width=\"14\" height=\"14\" viewbox=\"0 0 14 14\"><path class=\"qodef-m-horizontal\" d=\"M0,0H14V2H0Z\" transform=\"translate(0 6)\" \/><path class=\"qodef-m-vertical\" d=\"M0,0H2V14H0Z\" transform=\"translate(6)\" \/><\/svg><\/span>\t\t\t\t<span class=\"qodef-m-button-text\">Continue reading<br \/> the news<\/span>\t<\/a>\t<\/div>\n\t\t\t<\/div>\n\t\t<\/div>\n\t<\/div>\n<\/article>\n\t<\/div>\n\t<\/div>\n\t\t\t\t<\/div>\n\t\t\t\t<\/div>\n\t\t\t\t\t<\/div>\n\t\t<\/div>\n\t\t\t\t\t<\/div>\n\t\t<\/section>\n\t\t<div class=\"elementor-element elementor-element-851f516 e-flex e-con-boxed wpr-particle-no wpr-jarallax-no wpr-parallax-no wpr-sticky-section-no e-con e-parent\" data-id=\"851f516\" data-element_type=\"container\" data-e-type=\"container\">\n\t\t\t\t\t<div class=\"e-con-inner\">\n\t\t\t\t<div class=\"elementor-element elementor-element-462377a elementor-widget elementor-widget-text-editor\" data-id=\"462377a\" data-element_type=\"widget\" data-e-type=\"widget\" data-widget_type=\"text-editor.default\">\n\t\t\t\t<div class=\"elementor-widget-container\">\n\t\t\t\t\t\t\t\t\t<p>En Junio 2023, se celebr\u00f3 el Mes del Comportamiento Seguro, donde por medio de capacitaciones y actividades varias, se busca fortalecer nuestra cultura de seguridad.\u00a0<\/p>\t\t\t\t\t\t\t\t<\/div>\n\t\t\t\t<\/div>\n\t\t\t\t\t<\/div>\n\t\t\t\t<\/div>\n\t\t\t\t<\/div>","protected":false},"excerpt":{"rendered":"<p>agosto 8, 2023Traders Roxana Trader Dique Astibal Panama Continuar leyendo la noticia https:\/\/tradertankers.com\/wp-content\/uploads\/2023\/08\/WhatsApp-Video-2023-08-16-at-09.56.03.mp4 agosto 8, 2023Eventos Semana del Marino 2023 Participaci\u00f3n del equipo de Trader Tanker en la semana del marino 2023. Continuar leyendo la noticia agosto 8, 2023Eventos Junio, mes del comportamiento seguro Junio, mes del comportamiento seguro Continuar leyendo la noticia En Junio 2023, se celebr\u00f3 el Mes del Comportamiento Seguro, donde por medio de capacitaciones y actividades varias, se busca fortalecer nuestra cultura de seguridad.<\/p>","protected":false},"author":16,"featured_media":0,"parent":0,"menu_order":0,"comment_status":"closed","ping_status":"closed","template":"","meta":{"_acf_changed":false,"_joinchat":[],"footnotes":""},"class_list":["post-2987","page","type-page","status-publish","hentry"],"acf":[],"yoast_head":"<!-- This site is optimized with the Yoast SEO plugin v27.3 - https:\/\/yoast.com\/product\/yoast-seo-wordpress\/ -->\n<title>Blog - Trader Tanker<\/title>\n<meta name=\"description\" content=\"Descubre en nuestro blog una fuente inagotable de conocimiento, consejos expertos y contenido inspirador.\" \/>\n<meta name=\"robots\" content=\"index, follow, max-snippet:-1, max-image-preview:large, max-video-preview:-1\" \/>\n<link rel=\"canonical\" href=\"https:\/\/www.tradertankers.com\/en\/blog\/\" \/>\n<meta property=\"og:locale\" content=\"en_US\" \/>\n<meta property=\"og:type\" content=\"article\" \/>\n<meta property=\"og:title\" content=\"Blog - Trader Tanker\" \/>\n<meta property=\"og:description\" content=\"Descubre en nuestro blog una fuente inagotable de conocimiento, consejos expertos y contenido inspirador.\" \/>\n<meta property=\"og:url\" content=\"https:\/\/www.tradertankers.com\/en\/blog\/\" \/>\n<meta property=\"og:site_name\" content=\"Trader Tanker\" \/>\n<meta property=\"article:modified_time\" content=\"2023-11-15T21:59:08+00:00\" \/>\n<meta property=\"og:image\" content=\"https:\/\/tradertankers.com\/wp-content\/uploads\/2023\/08\/WhatsApp-Image-2023-08-16-at-09.55.53-2-e1692994662484.jpeg\" \/>\n<meta name=\"twitter:card\" content=\"summary_large_image\" \/>\n<meta name=\"twitter:label1\" content=\"Est. reading time\" \/>\n\t<meta name=\"twitter:data1\" content=\"1 minute\" \/>\n<script type=\"application\/ld+json\" class=\"yoast-schema-graph\">{\"@context\":\"https:\\\/\\\/schema.org\",\"@graph\":[{\"@type\":\"WebPage\",\"@id\":\"https:\\\/\\\/www.tradertankers.com\\\/blog\\\/\",\"url\":\"https:\\\/\\\/www.tradertankers.com\\\/blog\\\/\",\"name\":\"Blog - Trader Tanker\",\"isPartOf\":{\"@id\":\"https:\\\/\\\/tradertankers.com\\\/#website\"},\"primaryImageOfPage\":{\"@id\":\"https:\\\/\\\/www.tradertankers.com\\\/blog\\\/#primaryimage\"},\"image\":{\"@id\":\"https:\\\/\\\/www.tradertankers.com\\\/blog\\\/#primaryimage\"},\"thumbnailUrl\":\"https:\\\/\\\/tradertankers.com\\\/wp-content\\\/uploads\\\/2023\\\/08\\\/WhatsApp-Image-2023-08-16-at-09.55.53-2-e1692994662484.jpeg\",\"datePublished\":\"2021-08-09T10:49:21+00:00\",\"dateModified\":\"2023-11-15T21:59:08+00:00\",\"description\":\"Descubre en nuestro blog una fuente inagotable de conocimiento, consejos expertos y contenido inspirador.\",\"breadcrumb\":{\"@id\":\"https:\\\/\\\/www.tradertankers.com\\\/blog\\\/#breadcrumb\"},\"inLanguage\":\"en-US\",\"potentialAction\":[{\"@type\":\"ReadAction\",\"target\":[\"https:\\\/\\\/www.tradertankers.com\\\/blog\\\/\"]}]},{\"@type\":\"ImageObject\",\"inLanguage\":\"en-US\",\"@id\":\"https:\\\/\\\/www.tradertankers.com\\\/blog\\\/#primaryimage\",\"url\":\"https:\\\/\\\/tradertankers.com\\\/wp-content\\\/uploads\\\/2023\\\/08\\\/WhatsApp-Image-2023-08-16-at-09.55.53-2-e1692994662484.jpeg\",\"contentUrl\":\"https:\\\/\\\/tradertankers.com\\\/wp-content\\\/uploads\\\/2023\\\/08\\\/WhatsApp-Image-2023-08-16-at-09.55.53-2-e1692994662484.jpeg\"},{\"@type\":\"BreadcrumbList\",\"@id\":\"https:\\\/\\\/www.tradertankers.com\\\/blog\\\/#breadcrumb\",\"itemListElement\":[{\"@type\":\"ListItem\",\"position\":1,\"name\":\"Inicio\",\"item\":\"https:\\\/\\\/tradertankers.com\\\/\"},{\"@type\":\"ListItem\",\"position\":2,\"name\":\"Blog\"}]},{\"@type\":\"WebSite\",\"@id\":\"https:\\\/\\\/tradertankers.com\\\/#website\",\"url\":\"https:\\\/\\\/tradertankers.com\\\/\",\"name\":\"Trader Tanker\",\"description\":\"Transporte y Suministro mar\u00edtimo\",\"publisher\":{\"@id\":\"https:\\\/\\\/tradertankers.com\\\/#organization\"},\"potentialAction\":[{\"@type\":\"SearchAction\",\"target\":{\"@type\":\"EntryPoint\",\"urlTemplate\":\"https:\\\/\\\/tradertankers.com\\\/?s={search_term_string}\"},\"query-input\":{\"@type\":\"PropertyValueSpecification\",\"valueRequired\":true,\"valueName\":\"search_term_string\"}}],\"inLanguage\":\"en-US\"},{\"@type\":\"Organization\",\"@id\":\"https:\\\/\\\/tradertankers.com\\\/#organization\",\"name\":\"Trader Tanker\",\"url\":\"https:\\\/\\\/tradertankers.com\\\/\",\"logo\":{\"@type\":\"ImageObject\",\"inLanguage\":\"en-US\",\"@id\":\"https:\\\/\\\/tradertankers.com\\\/#\\\/schema\\\/logo\\\/image\\\/\",\"url\":\"https:\\\/\\\/www.tradertankers.com\\\/wp-content\\\/uploads\\\/2023\\\/07\\\/logo-trader-tanker.svg\",\"contentUrl\":\"https:\\\/\\\/www.tradertankers.com\\\/wp-content\\\/uploads\\\/2023\\\/07\\\/logo-trader-tanker.svg\",\"width\":1564,\"height\":329,\"caption\":\"Trader Tanker\"},\"image\":{\"@id\":\"https:\\\/\\\/tradertankers.com\\\/#\\\/schema\\\/logo\\\/image\\\/\"}}]}<\/script>\n<!-- \/ Yoast SEO plugin. -->","yoast_head_json":{"title":"Blog - Trader Tanker","description":"Discover an inexhaustible source of knowledge, expert advice and inspiring content on our blog.","robots":{"index":"index","follow":"follow","max-snippet":"max-snippet:-1","max-image-preview":"max-image-preview:large","max-video-preview":"max-video-preview:-1"},"canonical":"https:\/\/www.tradertankers.com\/en\/blog\/","og_locale":"en_US","og_type":"article","og_title":"Blog - Trader Tanker","og_description":"Descubre en nuestro blog una fuente inagotable de conocimiento, consejos expertos y contenido inspirador.","og_url":"https:\/\/www.tradertankers.com\/en\/blog\/","og_site_name":"Trader Tanker","article_modified_time":"2023-11-15T21:59:08+00:00","og_image":[{"url":"https:\/\/tradertankers.com\/wp-content\/uploads\/2023\/08\/WhatsApp-Image-2023-08-16-at-09.55.53-2-e1692994662484.jpeg","type":"","width":"","height":""}],"twitter_card":"summary_large_image","twitter_misc":{"Est. reading time":"1 minute"},"schema":{"@context":"https:\/\/schema.org","@graph":[{"@type":"WebPage","@id":"https:\/\/www.tradertankers.com\/blog\/","url":"https:\/\/www.tradertankers.com\/blog\/","name":"Blog - Trader Tanker","isPartOf":{"@id":"https:\/\/tradertankers.com\/#website"},"primaryImageOfPage":{"@id":"https:\/\/www.tradertankers.com\/blog\/#primaryimage"},"image":{"@id":"https:\/\/www.tradertankers.com\/blog\/#primaryimage"},"thumbnailUrl":"https:\/\/tradertankers.com\/wp-content\/uploads\/2023\/08\/WhatsApp-Image-2023-08-16-at-09.55.53-2-e1692994662484.jpeg","datePublished":"2021-08-09T10:49:21+00:00","dateModified":"2023-11-15T21:59:08+00:00","description":"Discover an inexhaustible source of knowledge, expert advice and inspiring content on our blog.","breadcrumb":{"@id":"https:\/\/www.tradertankers.com\/blog\/#breadcrumb"},"inLanguage":"en-US","potentialAction":[{"@type":"ReadAction","target":["https:\/\/www.tradertankers.com\/blog\/"]}]},{"@type":"ImageObject","inLanguage":"en-US","@id":"https:\/\/www.tradertankers.com\/blog\/#primaryimage","url":"https:\/\/tradertankers.com\/wp-content\/uploads\/2023\/08\/WhatsApp-Image-2023-08-16-at-09.55.53-2-e1692994662484.jpeg","contentUrl":"https:\/\/tradertankers.com\/wp-content\/uploads\/2023\/08\/WhatsApp-Image-2023-08-16-at-09.55.53-2-e1692994662484.jpeg"},{"@type":"BreadcrumbList","@id":"https:\/\/www.tradertankers.com\/blog\/#breadcrumb","itemListElement":[{"@type":"ListItem","position":1,"name":"Inicio","item":"https:\/\/tradertankers.com\/"},{"@type":"ListItem","position":2,"name":"Blog"}]},{"@type":"WebSite","@id":"https:\/\/tradertankers.com\/#website","url":"https:\/\/tradertankers.com\/","name":"Trader Tanker","description":"Maritime Transport and Supply","publisher":{"@id":"https:\/\/tradertankers.com\/#organization"},"potentialAction":[{"@type":"SearchAction","target":{"@type":"EntryPoint","urlTemplate":"https:\/\/tradertankers.com\/?s={search_term_string}"},"query-input":{"@type":"PropertyValueSpecification","valueRequired":true,"valueName":"search_term_string"}}],"inLanguage":"en-US"},{"@type":"Organization","@id":"https:\/\/tradertankers.com\/#organization","name":"Trader Tanker","url":"https:\/\/tradertankers.com\/","logo":{"@type":"ImageObject","inLanguage":"en-US","@id":"https:\/\/tradertankers.com\/#\/schema\/logo\/image\/","url":"https:\/\/www.tradertankers.com\/wp-content\/uploads\/2023\/07\/logo-trader-tanker.svg","contentUrl":"https:\/\/www.tradertankers.com\/wp-content\/uploads\/2023\/07\/logo-trader-tanker.svg","width":1564,"height":329,"caption":"Trader Tanker"},"image":{"@id":"https:\/\/tradertankers.com\/#\/schema\/logo\/image\/"}}]}},"_links":{"self":[{"href":"http:\/\/www.tradertankers.com\/en\/wp-json\/wp\/v2\/pages\/2987","targetHints":{"allow":["GET"]}}],"collection":[{"href":"http:\/\/www.tradertankers.com\/en\/wp-json\/wp\/v2\/pages"}],"about":[{"href":"http:\/\/www.tradertankers.com\/en\/wp-json\/wp\/v2\/types\/page"}],"author":[{"embeddable":true,"href":"http:\/\/www.tradertankers.com\/en\/wp-json\/wp\/v2\/users\/16"}],"replies":[{"embeddable":true,"href":"http:\/\/www.tradertankers.com\/en\/wp-json\/wp\/v2\/comments?post=2987"}],"version-history":[{"count":5,"href":"http:\/\/www.tradertankers.com\/en\/wp-json\/wp\/v2\/pages\/2987\/revisions"}],"predecessor-version":[{"id":9131,"href":"http:\/\/www.tradertankers.com\/en\/wp-json\/wp\/v2\/pages\/2987\/revisions\/9131"}],"wp:attachment":[{"href":"http:\/\/www.tradertankers.com\/en\/wp-json\/wp\/v2\/media?parent=2987"}],"curies":[{"name":"wp","href":"https:\/\/api.w.org\/{rel}","templated":true}]}}