{"id":9323,"date":"2023-11-21T16:10:11","date_gmt":"2023-11-21T16:10:11","guid":{"rendered":"https:\/\/www.tradertankers.com\/?page_id=9323"},"modified":"2023-11-21T21:04:01","modified_gmt":"2023-11-21T21:04:01","slug":"us-3","status":"publish","type":"page","link":"https:\/\/www.tradertankers.com\/en\/examen-de-familiarizacion-marinos\/","title":{"rendered":"Examen de Familiarizaci\u00f3n &#8211; Marinos"},"content":{"rendered":"<div class=\"members-access-error\">\n<div style=\"padding: 100px 0px\">\n<p>Excuse me!<\/p>\n<p>You are not authorized to view this information, please register <a href=\"https:\/\/www.tradertankers.com\/en\/registro\/\">here<\/a><\/p>\n<div><\/div>","protected":false},"excerpt":{"rendered":"<div class=\"members-access-error\">\n<div style=\"padding: 100px 0px\">\n<p>Excuse me!<\/p>\n<p>You are not authorized to view this information, please register <a href=\"https:\/\/www.tradertankers.com\/en\/registro\/\">here<\/a><\/p>\n<div><\/div>","protected":false},"author":2,"featured_media":0,"parent":0,"menu_order":0,"comment_status":"closed","ping_status":"closed","template":"","meta":{"_acf_changed":false,"_joinchat":[],"footnotes":""},"class_list":["post-9323","page","type-page","status-publish","hentry"],"acf":[],"yoast_head":"<!-- This site is optimized with the Yoast SEO plugin v27.4 - https:\/\/yoast.com\/product\/yoast-seo-wordpress\/ -->\n<title>Examen de Familiarizaci\u00f3n - Marinos - Trader Tanker<\/title>\n<meta name=\"description\" content=\"Grupo Trader Tanker cuenta con m\u00e1s de 30 a\u00f1os de operaciones en la industria mar\u00edtima paname\u00f1a, proyectando siempre una imagen de seguridad.\" \/>\n<meta name=\"robots\" content=\"index, follow, max-snippet:-1, max-image-preview:large, max-video-preview:-1\" \/>\n<link rel=\"canonical\" href=\"https:\/\/www.tradertankers.com\/en\/us-3\/\" \/>\n<meta property=\"og:locale\" content=\"en_US\" \/>\n<meta property=\"og:type\" content=\"article\" \/>\n<meta property=\"og:title\" content=\"Examen de Familiarizaci\u00f3n - Marinos - Trader Tanker\" \/>\n<meta property=\"og:description\" content=\"Grupo Trader Tanker cuenta con m\u00e1s de 30 a\u00f1os de operaciones en la industria mar\u00edtima paname\u00f1a, proyectando siempre una imagen de seguridad.\" \/>\n<meta property=\"og:url\" content=\"https:\/\/www.tradertankers.com\/en\/us-3\/\" \/>\n<meta property=\"og:site_name\" content=\"Trader Tanker\" \/>\n<meta property=\"article:modified_time\" content=\"2023-11-21T21:04:01+00:00\" \/>\n<meta name=\"twitter:card\" content=\"summary_large_image\" \/>\n<meta name=\"twitter:label1\" content=\"Est. reading time\" \/>\n\t<meta name=\"twitter:data1\" content=\"1 minute\" \/>\n<script type=\"application\/ld+json\" class=\"yoast-schema-graph\">{\"@context\":\"https:\\\/\\\/schema.org\",\"@graph\":[{\"@type\":\"WebPage\",\"@id\":\"https:\\\/\\\/www.tradertankers.com\\\/examen-de-familiarizacion-marinos\\\/\",\"url\":\"https:\\\/\\\/www.tradertankers.com\\\/examen-de-familiarizacion-marinos\\\/\",\"name\":\"Examen de Familiarizaci\u00f3n - Marinos - Trader Tanker\",\"isPartOf\":{\"@id\":\"https:\\\/\\\/tradertankers.com\\\/#website\"},\"datePublished\":\"2023-11-21T16:10:11+00:00\",\"dateModified\":\"2023-11-21T21:04:01+00:00\",\"description\":\"Grupo Trader Tanker cuenta con m\u00e1s de 30 a\u00f1os de operaciones en la industria mar\u00edtima paname\u00f1a, proyectando siempre una imagen de seguridad.\",\"breadcrumb\":{\"@id\":\"https:\\\/\\\/www.tradertankers.com\\\/examen-de-familiarizacion-marinos\\\/#breadcrumb\"},\"inLanguage\":\"en-US\",\"potentialAction\":[{\"@type\":\"ReadAction\",\"target\":[\"https:\\\/\\\/www.tradertankers.com\\\/examen-de-familiarizacion-marinos\\\/\"]}]},{\"@type\":\"BreadcrumbList\",\"@id\":\"https:\\\/\\\/www.tradertankers.com\\\/examen-de-familiarizacion-marinos\\\/#breadcrumb\",\"itemListElement\":[{\"@type\":\"ListItem\",\"position\":1,\"name\":\"Inicio\",\"item\":\"https:\\\/\\\/tradertankers.com\\\/\"},{\"@type\":\"ListItem\",\"position\":2,\"name\":\"Examen de Familiarizaci\u00f3n &#8211; Marinos\"}]},{\"@type\":\"WebSite\",\"@id\":\"https:\\\/\\\/tradertankers.com\\\/#website\",\"url\":\"https:\\\/\\\/tradertankers.com\\\/\",\"name\":\"Trader Tanker\",\"description\":\"Transporte y Suministro mar\u00edtimo\",\"publisher\":{\"@id\":\"https:\\\/\\\/tradertankers.com\\\/#organization\"},\"potentialAction\":[{\"@type\":\"SearchAction\",\"target\":{\"@type\":\"EntryPoint\",\"urlTemplate\":\"https:\\\/\\\/tradertankers.com\\\/?s={search_term_string}\"},\"query-input\":{\"@type\":\"PropertyValueSpecification\",\"valueRequired\":true,\"valueName\":\"search_term_string\"}}],\"inLanguage\":\"en-US\"},{\"@type\":\"Organization\",\"@id\":\"https:\\\/\\\/tradertankers.com\\\/#organization\",\"name\":\"Trader Tanker\",\"url\":\"https:\\\/\\\/tradertankers.com\\\/\",\"logo\":{\"@type\":\"ImageObject\",\"inLanguage\":\"en-US\",\"@id\":\"https:\\\/\\\/tradertankers.com\\\/#\\\/schema\\\/logo\\\/image\\\/\",\"url\":\"https:\\\/\\\/www.tradertankers.com\\\/wp-content\\\/uploads\\\/2023\\\/07\\\/logo-trader-tanker.svg\",\"contentUrl\":\"https:\\\/\\\/www.tradertankers.com\\\/wp-content\\\/uploads\\\/2023\\\/07\\\/logo-trader-tanker.svg\",\"width\":1564,\"height\":329,\"caption\":\"Trader Tanker\"},\"image\":{\"@id\":\"https:\\\/\\\/tradertankers.com\\\/#\\\/schema\\\/logo\\\/image\\\/\"}}]}<\/script>\n<!-- \/ Yoast SEO plugin. -->","yoast_head_json":{"title":"Examen de Familiarizaci\u00f3n - Marinos - Trader Tanker","description":"Grupo Trader Tanker has more than 30 years of operations in the Panamanian maritime industry, always projecting an image of security.","robots":{"index":"index","follow":"follow","max-snippet":"max-snippet:-1","max-image-preview":"max-image-preview:large","max-video-preview":"max-video-preview:-1"},"canonical":"https:\/\/www.tradertankers.com\/en\/us-3\/","og_locale":"en_US","og_type":"article","og_title":"Examen de Familiarizaci\u00f3n - Marinos - Trader Tanker","og_description":"Grupo Trader Tanker cuenta con m\u00e1s de 30 a\u00f1os de operaciones en la industria mar\u00edtima paname\u00f1a, proyectando siempre una imagen de seguridad.","og_url":"https:\/\/www.tradertankers.com\/en\/us-3\/","og_site_name":"Trader Tanker","article_modified_time":"2023-11-21T21:04:01+00:00","twitter_card":"summary_large_image","twitter_misc":{"Est. reading time":"1 minute"},"schema":{"@context":"https:\/\/schema.org","@graph":[{"@type":"WebPage","@id":"https:\/\/www.tradertankers.com\/examen-de-familiarizacion-marinos\/","url":"https:\/\/www.tradertankers.com\/examen-de-familiarizacion-marinos\/","name":"Examen de Familiarizaci\u00f3n - Marinos - Trader Tanker","isPartOf":{"@id":"https:\/\/tradertankers.com\/#website"},"datePublished":"2023-11-21T16:10:11+00:00","dateModified":"2023-11-21T21:04:01+00:00","description":"Grupo Trader Tanker has more than 30 years of operations in the Panamanian maritime industry, always projecting an image of security.","breadcrumb":{"@id":"https:\/\/www.tradertankers.com\/examen-de-familiarizacion-marinos\/#breadcrumb"},"inLanguage":"en-US","potentialAction":[{"@type":"ReadAction","target":["https:\/\/www.tradertankers.com\/examen-de-familiarizacion-marinos\/"]}]},{"@type":"BreadcrumbList","@id":"https:\/\/www.tradertankers.com\/examen-de-familiarizacion-marinos\/#breadcrumb","itemListElement":[{"@type":"ListItem","position":1,"name":"Inicio","item":"https:\/\/tradertankers.com\/"},{"@type":"ListItem","position":2,"name":"Examen de Familiarizaci\u00f3n &#8211; Marinos"}]},{"@type":"WebSite","@id":"https:\/\/tradertankers.com\/#website","url":"https:\/\/tradertankers.com\/","name":"Trader Tanker","description":"Maritime Transport and Supply","publisher":{"@id":"https:\/\/tradertankers.com\/#organization"},"potentialAction":[{"@type":"SearchAction","target":{"@type":"EntryPoint","urlTemplate":"https:\/\/tradertankers.com\/?s={search_term_string}"},"query-input":{"@type":"PropertyValueSpecification","valueRequired":true,"valueName":"search_term_string"}}],"inLanguage":"en-US"},{"@type":"Organization","@id":"https:\/\/tradertankers.com\/#organization","name":"Trader Tanker","url":"https:\/\/tradertankers.com\/","logo":{"@type":"ImageObject","inLanguage":"en-US","@id":"https:\/\/tradertankers.com\/#\/schema\/logo\/image\/","url":"https:\/\/www.tradertankers.com\/wp-content\/uploads\/2023\/07\/logo-trader-tanker.svg","contentUrl":"https:\/\/www.tradertankers.com\/wp-content\/uploads\/2023\/07\/logo-trader-tanker.svg","width":1564,"height":329,"caption":"Trader Tanker"},"image":{"@id":"https:\/\/tradertankers.com\/#\/schema\/logo\/image\/"}}]}},"_links":{"self":[{"href":"https:\/\/www.tradertankers.com\/en\/wp-json\/wp\/v2\/pages\/9323","targetHints":{"allow":["GET"]}}],"collection":[{"href":"https:\/\/www.tradertankers.com\/en\/wp-json\/wp\/v2\/pages"}],"about":[{"href":"https:\/\/www.tradertankers.com\/en\/wp-json\/wp\/v2\/types\/page"}],"author":[{"embeddable":true,"href":"https:\/\/www.tradertankers.com\/en\/wp-json\/wp\/v2\/users\/2"}],"replies":[{"embeddable":true,"href":"https:\/\/www.tradertankers.com\/en\/wp-json\/wp\/v2\/comments?post=9323"}],"version-history":[{"count":4,"href":"https:\/\/www.tradertankers.com\/en\/wp-json\/wp\/v2\/pages\/9323\/revisions"}],"predecessor-version":[{"id":9327,"href":"https:\/\/www.tradertankers.com\/en\/wp-json\/wp\/v2\/pages\/9323\/revisions\/9327"}],"wp:attachment":[{"href":"https:\/\/www.tradertankers.com\/en\/wp-json\/wp\/v2\/media?parent=9323"}],"curies":[{"name":"wp","href":"https:\/\/api.w.org\/{rel}","templated":true}]}}